{"id":29,"date":"2022-04-12T14:15:30","date_gmt":"2022-04-12T17:15:30","guid":{"rendered":"https:\/\/test1.pote.cl\/lescargot\/?post_type=product&#038;p=29"},"modified":"2022-05-13T12:59:25","modified_gmt":"2022-05-13T15:59:25","slug":"menu-completo","status":"publish","type":"product","link":"https:\/\/test1.pote.cl\/lescargot\/producto\/menu-completo\/","title":{"rendered":"Men\u00fa completo"},"content":{"rendered":"<p>Comida casera, preparada con productos frescos diariamente en el mismo local.<br \/>\nUn Men\u00fa Completo incluye: plato de fondo, ensalada o sopa, postre, adicionalmente puede agregar pan y pebre.<br \/>\nEl horario para pedir es de lunes a viernes hasta las 14:00 y puede retirar el mismo d\u00eda desde las 12:30.<br \/>\nL\u00b4Escargot est\u00e1 ubicado en Mujica 444, \u00d1u\u00f1oa.<\/p>\n<p>Tel\u00e9fono del local: +56976543232<\/p>\n","protected":false},"excerpt":{"rendered":"<p>Incluye:<\/p>\n<ul>\n<li>Fondo (principal + acompa\u00f1amiento)<\/li>\n<li>Ensalada de hasta 3 opciones<\/li>\n<li>Sopa o Postre<\/li>\n<li>Pan y Pebre opcionales<\/li>\n<\/ul>\n","protected":false},"featured_media":168,"comment_status":"closed","ping_status":"closed","template":"","meta":{"site-sidebar-layout":"right-sidebar","site-content-layout":"content-boxed-container","ast-main-header-display":"","ast-hfb-above-header-display":"","ast-hfb-below-header-display":"","ast-hfb-mobile-header-display":"","site-post-title":"","ast-breadcrumbs-content":"","ast-featured-img":"","footer-sml-layout":"","theme-transparent-header-meta":"default","adv-header-id-meta":"","stick-header-meta":"","header-above-stick-meta":"","header-main-stick-meta":"","header-below-stick-meta":"","jetpack_publicize_message":"","jetpack_is_tweetstorm":false,"jetpack_publicize_feature_enabled":true},"product_cat":[17],"product_tag":[],"_links":{"self":[{"href":"https:\/\/test1.pote.cl\/lescargot\/wp-json\/wp\/v2\/product\/29"}],"collection":[{"href":"https:\/\/test1.pote.cl\/lescargot\/wp-json\/wp\/v2\/product"}],"about":[{"href":"https:\/\/test1.pote.cl\/lescargot\/wp-json\/wp\/v2\/types\/product"}],"replies":[{"embeddable":true,"href":"https:\/\/test1.pote.cl\/lescargot\/wp-json\/wp\/v2\/comments?post=29"}],"wp:featuredmedia":[{"embeddable":true,"href":"https:\/\/test1.pote.cl\/lescargot\/wp-json\/wp\/v2\/media\/168"}],"wp:attachment":[{"href":"https:\/\/test1.pote.cl\/lescargot\/wp-json\/wp\/v2\/media?parent=29"}],"wp:term":[{"taxonomy":"product_cat","embeddable":true,"href":"https:\/\/test1.pote.cl\/lescargot\/wp-json\/wp\/v2\/product_cat?post=29"},{"taxonomy":"product_tag","embeddable":true,"href":"https:\/\/test1.pote.cl\/lescargot\/wp-json\/wp\/v2\/product_tag?post=29"}],"curies":[{"name":"wp","href":"https:\/\/api.w.org\/{rel}","templated":true}]}}